{"id":344009,"date":"2025-03-06T13:56:44","date_gmt":"2025-03-06T12:56:44","guid":{"rendered":"https:\/\/casevaldesi.it\/angebote\/"},"modified":"2026-04-07T11:15:17","modified_gmt":"2026-04-07T09:15:17","slug":"angebote","status":"publish","type":"page","link":"https:\/\/casevaldesi.it\/de\/angebote\/","title":{"rendered":"Sonderangebote"},"content":{"rendered":"<section class=\"text-image-overflow text-image-overflow--text-is-left text-image-overflow--mt-default text-image-overflow--mb-default text-image-overflow--align-full text-image-overflow--has-background has-dark-background-color text-image-overflow--align-full text-image-overflow--valign-default flex-columns  __text-image-overflow text-image-overflow--image-mobile-bottom wp-elements-073eab3fcf2132fd503118966c58f408\">\n  <div class=\"text-image-overflow__text text-image-overflow__text--is-left text-image-overflow__text--is-mobile-top flex-column flex-column--width-50\">\n          <div class=\"text-image-overflow__typography typography typography--text-is-left\">\n        \n\n<h2 class=\"wp-block-heading\"><strong>Foresteria Valdese di Venezia<\/strong><\/h2>\n\n\n\n<ul class=\"wp-block-list\">\n<li><strong>ANGEBOT AB 3 \u00dcBERNACHTUNGEN<\/strong><\/li>\n<\/ul>\n\n\n\n<p>F\u00fcr G\u00e4ste, die zwischen dem 01.11.2026 und dem 20.12.2026 mindestens 3 N\u00e4chte bleiben, gibt es 15 % Rabatt. <\/p>\n\n\n\n<p>Der Rabatt gilt bei Eingabe des Codes NEWS26 auf <a href=\"https:\/\/www.scidoo.com\/preventivov2\/?cod=1265&amp;lang=4&amp;dataarr=2026-4-3&amp;notti=1\">der Website der Unterkunft<\/a>.<\/p>\n\n\n\n<ul class=\"wp-block-list\">\n<li><strong>EARLY-BIRD-ANGEBOT<\/strong><\/li>\n<\/ul>\n\n\n\n<p>F\u00fcr alle, die heute einen Aufenthalt f\u00fcr die Monate Juli und August 2026 buchen, gibt es 10 % Rabatt auf alle Zimmertypen und f\u00fcr jede Aufenthaltsdauer. <\/p>\n\n\n\n<p>Der Rabatt gilt bei <a href=\"https:\/\/casevaldesi.it\/struttura\/casa-per-ferie-venezia\/\">direkter Kontaktaufnahme mit der Foresteria<\/a> oder <a href=\"https:\/\/www.scidoo.com\/preventivov2\/?cod=1265&amp;lang=4&amp;dataarr=2026-4-3&amp;notti=1\">auf der Website der Unterkunft<\/a> (nicht mit anderen Angeboten kombinierbar).<\/p>\n\n\n      <\/div>\n      <\/div>\n  <div class=\"text-image-overflow__image-container text-image-overflow__image-container--is-right text-image-overflow__image-container--is-mobile-bottom flex-column flex-column--width-50\">\n          <div class=\"text-image-overflow__image text-image-overflow__image--is-right text-image-overflow__image--is-square text-image-overflow__image--style-is-default\">\n        <picture class=\"ratio__content\" alt=\"\" title=\"\" data-caption=\"\"> \n                  <source loading=\"lazy\" srcset=\"https:\/\/casevaldesi.it\/wp-content\/uploads\/2026\/01\/Venezia-scaled-e1769681457770-900x900.jpg\" media=\"(min-width: 574px)\" \/>\n\n                <source loading=\"lazy\" srcset=\"https:\/\/casevaldesi.it\/wp-content\/uploads\/2026\/01\/Venezia-scaled-e1769681457770-600x600.jpg\" \/>\n\n                  <img decoding=\"async\"  width=\"1540\" height=\"1745\" loading=\"lazy\" alt=\"Foresteria Valdese di Venezia\" title=\"Foresteria Valdese di Venezia\" data-caption=\"\" src=\"https:\/\/casevaldesi.it\/wp-content\/uploads\/2026\/01\/Venezia-scaled-e1769681457770.jpg\" data-src=\"https:\/\/casevaldesi.it\/wp-content\/uploads\/2026\/01\/Venezia-scaled-e1769681457770.jpg\"\/>\n\n          \n<\/picture>\n      <\/div>\n            <\/div>\n<\/section>\n\n<section class=\"text-image-overflow text-image-overflow--text-is-right text-image-overflow--mt-default text-image-overflow--mb-default text-image-overflow--align-full text-image-overflow--has-background has-dark-background-color text-image-overflow--align-full text-image-overflow--valign-default flex-columns  __text-image-overflow text-image-overflow--image-mobile-bottom wp-elements-73cddbfdeb2b9e8f7c4c8026effb3274\">\n  <div class=\"text-image-overflow__text text-image-overflow__text--is-right text-image-overflow__text--is-mobile-top flex-column flex-column--width-50\">\n          <div class=\"text-image-overflow__typography typography typography--text-is-right\">\n        \n\n<h2 class=\"wp-block-heading\">Hotel Casa <strong><strong>Valdese Pietra Ligure<\/strong><\/strong><\/h2>\n\n\n\n<ul class=\"wp-block-list\">\n<li><strong>APRIL-ANGEBOT IN PIETRA LIGURE<\/strong><\/li>\n<\/ul>\n\n\n\n<p>Den ganzen April \u00fcber gibt es in Pietra Ligure 4 \u00dcbernachtungen zum Preis von 3. <\/p>\n\n\n\n<p>Und f\u00fcr alle, die eine Woche bleiben, 7 \u00dcbernachtungen zum Preis von 6. <\/p>\n\n\n\n<p><a href=\"https:\/\/casevaldesi.it\/struttura\/hotel-pietra-ligure\/\">Buchbar direkt bei der Unterkunft per E-Mail oder Telefon<\/a>.<\/p>\n\n\n      <\/div>\n      <\/div>\n  <div class=\"text-image-overflow__image-container text-image-overflow__image-container--is-left text-image-overflow__image-container--is-mobile-bottom flex-column flex-column--width-50\">\n          <div class=\"text-image-overflow__image text-image-overflow__image--is-left text-image-overflow__image--is-square text-image-overflow__image--style-is-default\">\n        <picture class=\"ratio__content\" alt=\"\" title=\"\" data-caption=\"\"> \n                  <source loading=\"lazy\" srcset=\"https:\/\/casevaldesi.it\/wp-content\/uploads\/2025\/06\/33_Pietra_Ligure__DG_1211-Modifica-900x900.jpg\" media=\"(min-width: 574px)\" \/>\n\n                <source loading=\"lazy\" srcset=\"https:\/\/casevaldesi.it\/wp-content\/uploads\/2025\/06\/33_Pietra_Ligure__DG_1211-Modifica-600x600.jpg\" \/>\n\n                  <img decoding=\"async\"  width=\"2560\" height=\"1707\" loading=\"lazy\" alt=\"Pietra Ligure\" title=\"Pietra Ligure\" data-caption=\"\" src=\"https:\/\/casevaldesi.it\/wp-content\/uploads\/2025\/06\/33_Pietra_Ligure__DG_1211-Modifica-scaled.jpg\" data-src=\"https:\/\/casevaldesi.it\/wp-content\/uploads\/2025\/06\/33_Pietra_Ligure__DG_1211-Modifica-scaled.jpg\"\/>\n\n          \n<\/picture>\n      <\/div>\n            <\/div>\n<\/section>\n\n<section class=\"text-image-overflow text-image-overflow--text-is-left text-image-overflow--mt-default text-image-overflow--mb-default text-image-overflow--align-full text-image-overflow--has-background has-dark-background-color text-image-overflow--align-full text-image-overflow--valign-default flex-columns  __text-image-overflow text-image-overflow--image-mobile-bottom wp-elements-b987fb2e76debaab3b4357823086ae1a\">\n  <div class=\"text-image-overflow__text text-image-overflow__text--is-left text-image-overflow__text--is-mobile-top flex-column flex-column--width-50\">\n          <div class=\"text-image-overflow__typography typography typography--text-is-left\">\n        \n\n<h2 class=\"wp-block-heading\"><strong>Casa Valdese Vallecrosia<\/strong><\/h2>\n\n\n\n<ul class=\"wp-block-list\">\n<li><strong><strong>ANGEBOT AB 3 \u00dcBERNACHTUNGEN<\/strong><\/strong><\/li>\n<\/ul>\n\n\n\n<p>In Vallecrosia an der Riviera dei Fiori gibt es bis zum 31. Mai 15 % Rabatt f\u00fcr G\u00e4ste, die zwischen mindestens 3 und h\u00f6chstens 7 N\u00e4chten bleiben. <\/p>\n\n\n\n<p><a href=\"https:\/\/casevaldesi.it\/struttura\/vallecrosia\/\">G\u00fcltig bei direkter Kontaktaufnahme mit der Unterkunft per E-Mail oder Telefon<\/a> (nicht mit anderen Angeboten kombinierbar, nicht g\u00fcltig in den Zeitr\u00e4umen vom 24. bis 26. April, vom 30. April bis 3. Mai, vom 22. bis 24. Mai und vom 29. bis 31. Mai).<\/p>\n\n\n      <\/div>\n      <\/div>\n  <div class=\"text-image-overflow__image-container text-image-overflow__image-container--is-right text-image-overflow__image-container--is-mobile-bottom flex-column flex-column--width-50\">\n          <div class=\"text-image-overflow__image text-image-overflow__image--is-right text-image-overflow__image--is-square text-image-overflow__image--style-is-default\">\n        <picture class=\"ratio__content\" alt=\"\" title=\"\" data-caption=\"\"> \n                  <source loading=\"lazy\" srcset=\"https:\/\/casevaldesi.it\/wp-content\/uploads\/2026\/01\/116279020_3180975398664056_4797339772849731178_n-900x900.jpg\" media=\"(min-width: 574px)\" \/>\n\n                <source loading=\"lazy\" srcset=\"https:\/\/casevaldesi.it\/wp-content\/uploads\/2026\/01\/116279020_3180975398664056_4797339772849731178_n-600x600.jpg\" \/>\n\n                  <img decoding=\"async\"  width=\"2048\" height=\"1365\" loading=\"lazy\" alt=\"Il giardino della Casa Valdese di Vallecrosia\" title=\"Il giardino della Casa Valdese di Vallecrosia\" data-caption=\"\" src=\"https:\/\/casevaldesi.it\/wp-content\/uploads\/2026\/01\/116279020_3180975398664056_4797339772849731178_n.jpg\" data-src=\"https:\/\/casevaldesi.it\/wp-content\/uploads\/2026\/01\/116279020_3180975398664056_4797339772849731178_n.jpg\"\/>\n\n          \n<\/picture>\n      <\/div>\n            <\/div>\n<\/section>\n\n<section class=\"text-image-overflow text-image-overflow--text-is-right text-image-overflow--mt-default text-image-overflow--mb-default text-image-overflow--align-full text-image-overflow--has-background has-dark-background-color text-image-overflow--align-full text-image-overflow--valign-default flex-columns  __text-image-overflow text-image-overflow--image-mobile-bottom wp-elements-9339f52972c8766f655bd764efecb126\">\n  <div class=\"text-image-overflow__text text-image-overflow__text--is-right text-image-overflow__text--is-mobile-top flex-column flex-column--width-50\">\n          <div class=\"text-image-overflow__typography typography typography--text-is-right\">\n        \n\n<h2 class=\"wp-block-heading\">Casa Valdese Rio Marina<\/h2>\n\n\n\n<ul class=\"wp-block-list\">\n<li><strong>ANGEBOT \u201eFIORITURA\u201c<\/strong> <strong>(BL\u00dcTEZEIT-ANGEBOT)<\/strong><\/li>\n<\/ul>\n\n\n\n<p>In Rio Marina auf der Insel Elba kosten vom 1. April bis zum 31. Mai zwei \u00dcbernachtungen im Doppelzimmer mit Bad und Zugang zum Garten 120 \u20ac. Buchungen sind per E-Mail an info@casariomarina.it unter Angabe des Betreffs \u201eBL\u00dcTEZEIT-ANGEBOT\u201c m\u00f6glich.<\/p>\n\n\n\n<p>Mit der M\u00f6glichkeit, die Gemeinschaftsk\u00fcche zu nutzen oder Unterk\u00fcnfte mit Kochnische zu w\u00e4hlen.<\/p>\n\n\n\n<p>G\u00e4ste der Casa Valdese in Rio Marina profitieren von erm\u00e4\u00dfigten Tarifen f\u00fcr die F\u00e4hren und Sonderpreisen bei ausgew\u00e4hlten Restaurants (gilt nicht vom 30. April bis 3. Mai und vom 29. bis 31. Mai).<\/p>\n\n\n      <\/div>\n      <\/div>\n  <div class=\"text-image-overflow__image-container text-image-overflow__image-container--is-left text-image-overflow__image-container--is-mobile-bottom flex-column flex-column--width-50\">\n          <div class=\"text-image-overflow__image text-image-overflow__image--is-left text-image-overflow__image--is-square text-image-overflow__image--style-is-default\">\n        <picture class=\"ratio__content\" alt=\"\" title=\"\" data-caption=\"\"> \n                  <source loading=\"lazy\" srcset=\"https:\/\/casevaldesi.it\/wp-content\/uploads\/2026\/01\/Ortano-900x900.jpg\" media=\"(min-width: 574px)\" \/>\n\n                <source loading=\"lazy\" srcset=\"https:\/\/casevaldesi.it\/wp-content\/uploads\/2026\/01\/Ortano-600x600.jpg\" \/>\n\n                  <img decoding=\"async\"  width=\"2560\" height=\"1440\" loading=\"lazy\" alt=\"Spiaggia di Ortano\" title=\"Spiaggia di Ortano\" data-caption=\"\" src=\"https:\/\/casevaldesi.it\/wp-content\/uploads\/2026\/01\/Ortano-scaled.jpg\" data-src=\"https:\/\/casevaldesi.it\/wp-content\/uploads\/2026\/01\/Ortano-scaled.jpg\"\/>\n\n          \n<\/picture>\n      <\/div>\n            <\/div>\n<\/section>\n\n<section class=\"text-image-overflow text-image-overflow--text-is-left text-image-overflow--mt-default text-image-overflow--mb-default text-image-overflow--align-full text-image-overflow--has-background has-dark-background-color text-image-overflow--align-full text-image-overflow--valign-default flex-columns  __text-image-overflow text-image-overflow--image-mobile-bottom wp-elements-f83301e4c5332c2031be7a082e277663\">\n  <div class=\"text-image-overflow__text text-image-overflow__text--is-left text-image-overflow__text--is-mobile-top flex-column flex-column--width-50\">\n          <div class=\"text-image-overflow__typography typography typography--text-is-left\">\n        \n\n<h2 class=\"wp-block-heading\"><strong>Casa Cares<\/strong><\/h2>\n\n\n\n<ul class=\"wp-block-list\">\n<li><strong>SOMMER IN DER CASA CARES!<\/strong><\/li>\n<\/ul>\n\n\n\n<p>Lust auf Sommer in der toskanischen Landschaft? Zwischen Juni und September sind in der Casa Cares noch einige Zimmer frei!<\/p>\n\n\n\n<p>F\u00fcr 4 \u00dcbernachtungen mit Vollpension (Getr\u00e4nke und Kaffee nicht inbegriffen):<br>\u2013 Einzelzimmer: 272 Euro + Kurtaxe<br>\u2013 Doppelzimmer (Preis f\u00fcr zwei Personen): 464 Euro + Kurtaxe<\/p>\n\n\n\n<p>F\u00fcr 6 \u00dcbernachtungen mit Vollpension (Getr\u00e4nke und Kaffee nicht inbegriffen):<br>\u2013 Einzelzimmer: 408 Euro + Kurtaxe<br>\u2013 Doppelzimmer (Preis f\u00fcr zwei Personen): 696 Euro + Kurtaxe<\/p>\n\n\n\n<p>Das Angebot gilt, solange Zimmer verf\u00fcgbar sind. F\u00fcr Buchungen: info@casacares.it oder 055 8652001<\/p>\n\n\n      <\/div>\n      <\/div>\n  <div class=\"text-image-overflow__image-container text-image-overflow__image-container--is-right text-image-overflow__image-container--is-mobile-bottom flex-column flex-column--width-50\">\n          <div class=\"text-image-overflow__image text-image-overflow__image--is-right text-image-overflow__image--is-square text-image-overflow__image--style-is-default\">\n        <picture class=\"ratio__content\" alt=\"\" title=\"\" data-caption=\"\"> \n                  <source loading=\"lazy\" srcset=\"https:\/\/casevaldesi.it\/wp-content\/uploads\/2025\/10\/03042025-P8890993-900x900.jpg\" media=\"(min-width: 574px)\" \/>\n\n                <source loading=\"lazy\" srcset=\"https:\/\/casevaldesi.it\/wp-content\/uploads\/2025\/10\/03042025-P8890993-600x600.jpg\" \/>\n\n                  <img decoding=\"async\"  width=\"2560\" height=\"1707\" loading=\"lazy\" alt=\"Facciata e parco di Casa Cares\" title=\"Casa Cares\" data-caption=\"\" src=\"https:\/\/casevaldesi.it\/wp-content\/uploads\/2025\/10\/03042025-P8890993-scaled.jpg\" data-src=\"https:\/\/casevaldesi.it\/wp-content\/uploads\/2025\/10\/03042025-P8890993-scaled.jpg\"\/>\n\n          \n<\/picture>\n      <\/div>\n            <\/div>\n<\/section>","protected":false},"excerpt":{"rendered":"","protected":false},"author":1,"featured_media":344011,"parent":0,"menu_order":0,"comment_status":"closed","ping_status":"closed","template":"","meta":{"_acf_changed":false,"footnotes":""},"class_list":["post-344009","page","type-page","status-publish","has-post-thumbnail","hentry"],"acf":[],"yoast_head":"<!-- This site is optimized with the Yoast SEO plugin v26.8 - https:\/\/yoast.com\/product\/yoast-seo-wordpress\/ -->\n<title>-<\/title>\n<meta name=\"description\" content=\"Entdecken Sie Angebote f\u00fcr Ihren Aufenthalt in den Waldenserh\u00e4usern, von Sonderpreisen f\u00fcr nachhaltige Reisende bis hin zu Fr\u00fchlingsangeboten.\" \/>\n<meta name=\"robots\" content=\"index, follow, max-snippet:-1, max-image-preview:large, max-video-preview:-1\" \/>\n<link rel=\"canonical\" href=\"https:\/\/casevaldesi.it\/de\/angebote\/\" \/>\n<meta property=\"og:locale\" content=\"de_DE\" \/>\n<meta property=\"og:type\" content=\"article\" \/>\n<meta property=\"og:title\" content=\"-\" \/>\n<meta property=\"og:description\" content=\"Entdecken Sie Angebote f\u00fcr Ihren Aufenthalt in den Waldenserh\u00e4usern, von Sonderpreisen f\u00fcr nachhaltige Reisende bis hin zu Fr\u00fchlingsangeboten.\" \/>\n<meta property=\"og:url\" content=\"https:\/\/casevaldesi.it\/de\/angebote\/\" \/>\n<meta property=\"og:site_name\" content=\"Waldenserh\u00e4user\" \/>\n<meta property=\"article:modified_time\" content=\"2026-04-07T09:15:17+00:00\" \/>\n<meta property=\"og:image\" content=\"https:\/\/casevaldesi.it\/wp-content\/uploads\/2025\/05\/aaron-burden-cEukkv42O40-unsplash.jpg\" \/>\n\t<meta property=\"og:image:width\" content=\"2200\" \/>\n\t<meta property=\"og:image:height\" content=\"1133\" \/>\n\t<meta property=\"og:image:type\" content=\"image\/jpeg\" \/>\n<meta name=\"twitter:card\" content=\"summary_large_image\" \/>\n<meta name=\"twitter:label1\" content=\"Gesch\u00e4tzte Lesezeit\" \/>\n\t<meta name=\"twitter:data1\" content=\"3\u00a0Minuten\" \/>\n<!-- \/ Yoast SEO plugin. -->","yoast_head_json":{"title":"-","description":"Entdecken Sie Angebote f\u00fcr Ihren Aufenthalt in den Waldenserh\u00e4usern, von Sonderpreisen f\u00fcr nachhaltige Reisende bis hin zu Fr\u00fchlingsangeboten.","robots":{"index":"index","follow":"follow","max-snippet":"max-snippet:-1","max-image-preview":"max-image-preview:large","max-video-preview":"max-video-preview:-1"},"canonical":"https:\/\/casevaldesi.it\/de\/angebote\/","og_locale":"de_DE","og_type":"article","og_title":"-","og_description":"Entdecken Sie Angebote f\u00fcr Ihren Aufenthalt in den Waldenserh\u00e4usern, von Sonderpreisen f\u00fcr nachhaltige Reisende bis hin zu Fr\u00fchlingsangeboten.","og_url":"https:\/\/casevaldesi.it\/de\/angebote\/","og_site_name":"Waldenserh\u00e4user","article_modified_time":"2026-04-07T09:15:17+00:00","og_image":[{"width":2200,"height":1133,"url":"https:\/\/casevaldesi.it\/wp-content\/uploads\/2025\/05\/aaron-burden-cEukkv42O40-unsplash.jpg","type":"image\/jpeg"}],"twitter_card":"summary_large_image","twitter_misc":{"Gesch\u00e4tzte Lesezeit":"3\u00a0Minuten"},"schema":{"@context":"https:\/\/schema.org","@graph":[{"@type":"WebPage","@id":"https:\/\/casevaldesi.it\/de\/angebote\/","url":"https:\/\/casevaldesi.it\/de\/angebote\/","name":"-","isPartOf":{"@id":"https:\/\/casevaldesi.it\/#website"},"primaryImageOfPage":{"@id":"https:\/\/casevaldesi.it\/de\/angebote\/#primaryimage"},"image":{"@id":"https:\/\/casevaldesi.it\/de\/angebote\/#primaryimage"},"thumbnailUrl":"https:\/\/casevaldesi.it\/wp-content\/uploads\/2025\/05\/aaron-burden-cEukkv42O40-unsplash.jpg","datePublished":"2025-03-06T12:56:44+00:00","dateModified":"2026-04-07T09:15:17+00:00","description":"Entdecken Sie Angebote f\u00fcr Ihren Aufenthalt in den Waldenserh\u00e4usern, von Sonderpreisen f\u00fcr nachhaltige Reisende bis hin zu Fr\u00fchlingsangeboten.","breadcrumb":{"@id":"https:\/\/casevaldesi.it\/de\/angebote\/#breadcrumb"},"inLanguage":"de","potentialAction":[{"@type":"ReadAction","target":["https:\/\/casevaldesi.it\/de\/angebote\/"]}]},{"@type":"ImageObject","inLanguage":"de","@id":"https:\/\/casevaldesi.it\/de\/angebote\/#primaryimage","url":"https:\/\/casevaldesi.it\/wp-content\/uploads\/2025\/05\/aaron-burden-cEukkv42O40-unsplash.jpg","contentUrl":"https:\/\/casevaldesi.it\/wp-content\/uploads\/2025\/05\/aaron-burden-cEukkv42O40-unsplash.jpg","width":2200,"height":1133},{"@type":"BreadcrumbList","@id":"https:\/\/casevaldesi.it\/de\/angebote\/#breadcrumb","itemListElement":[{"@type":"ListItem","position":1,"name":"Startseite","item":"https:\/\/casevaldesi.it\/de\/startseite\/"},{"@type":"ListItem","position":2,"name":"Sonderangebote"}]},{"@type":"WebSite","@id":"https:\/\/casevaldesi.it\/#website","url":"https:\/\/casevaldesi.it\/","name":"Waldenserh\u00e4user","description":"Hotels &amp; G\u00e4steh\u00e4user","publisher":{"@id":"https:\/\/casevaldesi.it\/#organization"},"potentialAction":[{"@type":"SearchAction","target":{"@type":"EntryPoint","urlTemplate":"https:\/\/casevaldesi.it\/?s={search_term_string}"},"query-input":{"@type":"PropertyValueSpecification","valueRequired":true,"valueName":"search_term_string"}}],"inLanguage":"de"},{"@type":"Organization","@id":"https:\/\/casevaldesi.it\/#organization","name":"Waldenserh\u00e4user","url":"https:\/\/casevaldesi.it\/","logo":{"@type":"ImageObject","inLanguage":"de","@id":"https:\/\/casevaldesi.it\/#\/schema\/logo\/image\/","url":"","contentUrl":"","caption":"Waldenserh\u00e4user"},"image":{"@id":"https:\/\/casevaldesi.it\/#\/schema\/logo\/image\/"}}]}},"_links":{"self":[{"href":"https:\/\/casevaldesi.it\/de\/wp-json\/wp\/v2\/pages\/344009","targetHints":{"allow":["GET"]}}],"collection":[{"href":"https:\/\/casevaldesi.it\/de\/wp-json\/wp\/v2\/pages"}],"about":[{"href":"https:\/\/casevaldesi.it\/de\/wp-json\/wp\/v2\/types\/page"}],"author":[{"embeddable":true,"href":"https:\/\/casevaldesi.it\/de\/wp-json\/wp\/v2\/users\/1"}],"replies":[{"embeddable":true,"href":"https:\/\/casevaldesi.it\/de\/wp-json\/wp\/v2\/comments?post=344009"}],"version-history":[{"count":23,"href":"https:\/\/casevaldesi.it\/de\/wp-json\/wp\/v2\/pages\/344009\/revisions"}],"predecessor-version":[{"id":345748,"href":"https:\/\/casevaldesi.it\/de\/wp-json\/wp\/v2\/pages\/344009\/revisions\/345748"}],"wp:featuredmedia":[{"embeddable":true,"href":"https:\/\/casevaldesi.it\/de\/wp-json\/wp\/v2\/media\/344011"}],"wp:attachment":[{"href":"https:\/\/casevaldesi.it\/de\/wp-json\/wp\/v2\/media?parent=344009"}],"curies":[{"name":"wp","href":"https:\/\/api.w.org\/{rel}","templated":true}]}}