{"id":343948,"date":"2025-03-06T13:57:27","date_gmt":"2025-03-06T12:57:27","guid":{"rendered":"https:\/\/casevaldesi.it\/unsere-werte\/"},"modified":"2026-01-28T09:16:13","modified_gmt":"2026-01-28T08:16:13","slug":"unsere-werte","status":"publish","type":"page","link":"https:\/\/casevaldesi.it\/de\/unsere-werte\/","title":{"rendered":"Unsere Werte"},"content":{"rendered":"<section class=\"text-image text-image--text-is-left text-image--mt-default text-image--mb-default text-image--align-full text-image--no-background  __text-image text-image--image-mobile-bottom \">\n  <div class=\"text-image__inner text-image__inner--align-full text-image__inner--valign-default flex-columns\">\n    <div class=\"text-image__text text-image__text--is-left text-image__text--is-mobile-top flex-column flex-column--width-50\">\n              <div class=\"text-image__typography typography typography--text-is-left\">\n          \n\n<h2 class=\"wp-block-heading\">Nachhaltigkeit<\/h2>\n\n\n\n<p>Alle Waldenserh\u00e4user und G\u00e4steh\u00e4user halten sich an Richtlinien zur Verringerung der Umweltbelastung und beziehen die G\u00e4ste direkt in Fragen der <strong>Nachhaltigkeit<\/strong> ein. Der <strong>Schutz der Umwelt und die Bewahrung der Sch\u00f6pfung<\/strong> liegen uns am Herzen <strong>:<\/strong> Wir verpflichten uns zur Reduzierung des Plastikverbrauchs, zur getrennten M\u00fcllsammlung und zum Einsatz von wasser- und energiesparenden Methoden. <\/p>\n\n\n\n<p>Heizung und Klimaanlage werden vorschriftsm\u00e4\u00dfig und je nach Au\u00dfentemperatur eingeschaltet.<\/p>\n\n\n\n<p>Die H\u00e4user haben je nach ihrer Beschaffenheit Sonnenkollektoren, Pflanzenkl\u00e4ranlagen und Kompostierungssysteme installiert oder praktizieren nachhaltige Landwirtschaft und f\u00f6rdern mit der <strong><a href=\"https:\/\/casevaldesi.it\/wp-content\/uploads\/2026\/01\/Case-Valdesi_Aiutaci-a-custodire-la-Terra_IT_EN.pdf\" target=\"_blank\" rel=\"noreferrer noopener\">hier<\/a><\/strong> sichtbaren Sensibilisierungskampagne <strong>Helfen Sie uns, die Erde zu sch\u00fctzen<\/strong> ein tugendhaftes Verhalten auch bei ihren G\u00e4sten <strong>.<\/strong><\/p>\n\n\n        <\/div>\n          <\/div>\n    <div class=\"text-image__image-container text-image__image-container--is-right text-image__image-container--is-mobile-bottom flex-column flex-column--width-50\">\n              <div class=\"text-image__image text-image__image--is-right text-image__image--is-natural text-image__image--style-is-default\">\n          <picture class=\"ratio__content\" alt=\"\" title=\"\" data-caption=\"\"> \n                    <source loading=\"lazy\" srcset=\"https:\/\/casevaldesi.it\/wp-content\/uploads\/2025\/05\/sostenibilita4-913x1024.png\" media=\"(min-width: 574px)\" \/>\n\n                  <source loading=\"lazy\" srcset=\"https:\/\/casevaldesi.it\/wp-content\/uploads\/2025\/05\/sostenibilita4-535x600.png\" \/>\n\n                    <img decoding=\"async\"  width=\"1070\" height=\"1200\" loading=\"lazy\" alt=\"sostenibilita\u03004\" title=\"sostenibilita\u03004\" data-caption=\"\" src=\"https:\/\/casevaldesi.it\/wp-content\/uploads\/2025\/05\/sostenibilita4.png\" data-src=\"https:\/\/casevaldesi.it\/wp-content\/uploads\/2025\/05\/sostenibilita4.png\"\/>\n\n            \n<\/picture>\n        <\/div>\n                  <\/div>\n  <\/div>\n<\/section>\n<figure class=\"wp-block-image alignfull size-full\"><img loading=\"lazy\" decoding=\"async\" width=\"2000\" height=\"1335\" src=\"https:\/\/casevaldesi.it\/wp-content\/uploads\/2025\/05\/2.jpg\" alt=\"\" class=\"wp-image-292\" srcset=\"https:\/\/casevaldesi.it\/wp-content\/uploads\/2025\/05\/2.jpg 2000w, https:\/\/casevaldesi.it\/wp-content\/uploads\/2025\/05\/2-1536x1025.jpg 1536w, https:\/\/casevaldesi.it\/wp-content\/uploads\/2025\/05\/2-1024x684.jpg 1024w, https:\/\/casevaldesi.it\/wp-content\/uploads\/2025\/05\/2-600x401.jpg 600w, https:\/\/casevaldesi.it\/wp-content\/uploads\/2025\/05\/2-350x234.jpg 350w\" sizes=\"auto, (max-width: 2000px) 100vw, 2000px\" \/><\/figure>\n<section class=\"text-image text-image--text-is-right text-image--mt-default text-image--mb-default text-image--align-full text-image--no-background  __text-image text-image--image-mobile-bottom \">\n  <div class=\"text-image__inner text-image__inner--align-full text-image__inner--valign-default flex-columns\">\n    <div class=\"text-image__text text-image__text--is-right text-image__text--is-mobile-top flex-column flex-column--width-50\">\n              <div class=\"text-image__typography typography typography--text-is-right\">\n          \n\n<h2 class=\"wp-block-heading\">Solidarit\u00e4t<\/h2>\n\n\n\n<p>Wir f\u00f6rdern das <strong>Teilen<\/strong> und die<strong> Solidarit\u00e4t<\/strong>, indem wir mit den Erl\u00f6sen der Waldenserh\u00e4user die sozialen Projekte der Diakonie unterst\u00fctzen und durch unsere und andere Dienste, die sich zum Beispiel an Asylbewerber, Migranten, \u00e4ltere Menschen und alleinerziehende M\u00fctter mit Kindern richten, Ausbildungs-, Freiwilligen- und Besch\u00e4ftigungsm\u00f6glichkeiten anbieten.<\/p>\n\n\n\n<p>Wir verf\u00fcgen \u00fcber einladende Einrichtungen, die f\u00fcr Menschen mit <strong>Behinderungen<\/strong> ausgestattet sind.<br\/>Dar\u00fcber hinaus f\u00fchren wir die Aktion <strong>1 Euro f\u00fcr&#8230;<\/strong> durch, bei der die Waldenserh\u00e4user f\u00fcr jeden Gast, der in einer unserer Einrichtungen in Italien \u00fcbernachtet, 1 Euro in einen speziellen Fonds einzahlen, der eines der Einsatzgebiete der Waldenserdiakonie unterst\u00fctzt.<br\/>M\u00f6chten Sie auch 1 Euro spenden? Fragen Sie an der Rezeption, welches Projekt im laufenden Jahr unterst\u00fctzt wird. <\/p>\n\n\n        <\/div>\n          <\/div>\n    <div class=\"text-image__image-container text-image__image-container--is-left text-image__image-container--is-mobile-bottom flex-column flex-column--width-50\">\n              <div class=\"text-image__image text-image__image--is-left text-image__image--is-natural text-image__image--style-is-default\">\n          <picture class=\"ratio__content\" alt=\"\" title=\"\" data-caption=\"\"> \n                    <source loading=\"lazy\" srcset=\"https:\/\/casevaldesi.it\/wp-content\/uploads\/2025\/05\/solidarieta3-1024x809.png\" media=\"(min-width: 574px)\" \/>\n\n                  <source loading=\"lazy\" srcset=\"https:\/\/casevaldesi.it\/wp-content\/uploads\/2025\/05\/solidarieta3-600x474.png\" \/>\n\n                    <img decoding=\"async\"  width=\"1115\" height=\"881\" loading=\"lazy\" alt=\"solidarieta\u03003\" title=\"solidarieta\u03003\" data-caption=\"\" src=\"https:\/\/casevaldesi.it\/wp-content\/uploads\/2025\/05\/solidarieta3.png\" data-src=\"https:\/\/casevaldesi.it\/wp-content\/uploads\/2025\/05\/solidarieta3.png\"\/>\n\n            \n<\/picture>\n        <\/div>\n                  <\/div>\n  <\/div>\n<\/section>\n<figure class=\"wp-block-image alignfull size-full\"><img loading=\"lazy\" decoding=\"async\" width=\"2200\" height=\"1469\" src=\"https:\/\/casevaldesi.it\/wp-content\/uploads\/2025\/05\/3.jpg\" alt=\"\" class=\"wp-image-302\" srcset=\"https:\/\/casevaldesi.it\/wp-content\/uploads\/2025\/05\/3.jpg 2200w, https:\/\/casevaldesi.it\/wp-content\/uploads\/2025\/05\/3-1536x1026.jpg 1536w, https:\/\/casevaldesi.it\/wp-content\/uploads\/2025\/05\/3-2048x1368.jpg 2048w, https:\/\/casevaldesi.it\/wp-content\/uploads\/2025\/05\/3-1024x684.jpg 1024w, https:\/\/casevaldesi.it\/wp-content\/uploads\/2025\/05\/3-600x401.jpg 600w, https:\/\/casevaldesi.it\/wp-content\/uploads\/2025\/05\/3-350x234.jpg 350w\" sizes=\"auto, (max-width: 2200px) 100vw, 2200px\" \/><\/figure>\n<section class=\"text-image text-image--text-is-left text-image--mt-default text-image--mb-default text-image--align-full text-image--no-background  __text-image text-image--image-mobile-bottom \">\n  <div class=\"text-image__inner text-image__inner--align-full text-image__inner--valign-default flex-columns\">\n    <div class=\"text-image__text text-image__text--is-left text-image__text--is-mobile-top flex-column flex-column--width-50\">\n              <div class=\"text-image__typography typography typography--text-is-left\">\n          \n\n<h2 class=\"wp-block-heading\">Verantwortungsvoller Tourismus<\/h2>\n\n\n\n<p>Wir praktizieren und f\u00f6rdern einen verantwortungsvollen Tourismus, der die Summe guter Praktiken in den Bereichen \u00f6kologische Nachhaltigkeit, soziale Verantwortung der Unternehmen, Gleichberechtigung der Geschlechter und Schutz von Territorien und Gemeinden darstellt.<\/p>\n\n\n\n<p>Bei einem Aufenthalt in den Waldenserh\u00e4usern k\u00f6nnen Sie verschiedene italienische Gebiete mit einem Blick entdecken, der \u00fcber das traditionelle Konzept des Tourismus hinausgeht.<\/p>\n\n\n\n<p>Sie werden auf angenehme Weise in einen Prozess eingebunden, in dem alle &#8218;Akteure&#8216; des Tourismus &#8211; Tourist, Reiseveranstalter, Gastgeber und lokale Gemeinschaft &#8211; zusammenarbeiten, um sicherzustellen, dass das touristische Erlebnis ausgewogen ist und den Bed\u00fcrfnissen aller gerecht wird.<\/p>\n\n\n        <\/div>\n          <\/div>\n    <div class=\"text-image__image-container text-image__image-container--is-right text-image__image-container--is-mobile-bottom flex-column flex-column--width-50\">\n              <div class=\"text-image__image text-image__image--is-right text-image__image--is-natural text-image__image--style-is-default\">\n          <picture class=\"ratio__content\" alt=\"\" title=\"\" data-caption=\"\"> \n                    <source loading=\"lazy\" srcset=\"https:\/\/casevaldesi.it\/wp-content\/uploads\/2025\/05\/turismo2-1024x843.png\" media=\"(min-width: 574px)\" \/>\n\n                  <source loading=\"lazy\" srcset=\"https:\/\/casevaldesi.it\/wp-content\/uploads\/2025\/05\/turismo2-600x494.png\" \/>\n\n                    <img decoding=\"async\"  width=\"1070\" height=\"881\" loading=\"lazy\" alt=\"turismo2\" title=\"turismo2\" data-caption=\"\" src=\"https:\/\/casevaldesi.it\/wp-content\/uploads\/2025\/05\/turismo2.png\" data-src=\"https:\/\/casevaldesi.it\/wp-content\/uploads\/2025\/05\/turismo2.png\"\/>\n\n            \n<\/picture>\n        <\/div>\n                  <\/div>\n  <\/div>\n<\/section>\n<p><\/p>\n","protected":false},"excerpt":{"rendered":"","protected":false},"author":1,"featured_media":343949,"parent":0,"menu_order":0,"comment_status":"closed","ping_status":"closed","template":"","meta":{"_acf_changed":false,"footnotes":""},"class_list":["post-343948","page","type-page","status-publish","has-post-thumbnail","hentry"],"acf":[],"yoast_head":"<!-- This site is optimized with the Yoast SEO plugin v26.8 - https:\/\/yoast.com\/product\/yoast-seo-wordpress\/ -->\n<title>-<\/title>\n<meta name=\"robots\" content=\"index, follow, max-snippet:-1, max-image-preview:large, max-video-preview:-1\" \/>\n<link rel=\"canonical\" href=\"https:\/\/casevaldesi.it\/de\/unsere-werte\/\" \/>\n<meta property=\"og:locale\" content=\"de_DE\" \/>\n<meta property=\"og:type\" content=\"article\" \/>\n<meta property=\"og:title\" content=\"-\" \/>\n<meta property=\"og:url\" content=\"https:\/\/casevaldesi.it\/de\/unsere-werte\/\" \/>\n<meta property=\"og:site_name\" content=\"Waldenserh\u00e4user\" \/>\n<meta property=\"article:modified_time\" content=\"2026-01-28T08:16:13+00:00\" \/>\n<meta property=\"og:image\" content=\"https:\/\/casevaldesi.it\/wp-content\/uploads\/2025\/05\/4.jpg\" \/>\n\t<meta property=\"og:image:width\" content=\"2200\" \/>\n\t<meta property=\"og:image:height\" content=\"1201\" \/>\n\t<meta property=\"og:image:type\" content=\"image\/jpeg\" \/>\n<meta name=\"twitter:card\" content=\"summary_large_image\" \/>\n<meta name=\"twitter:label1\" content=\"Gesch\u00e4tzte Lesezeit\" \/>\n\t<meta name=\"twitter:data1\" content=\"2\u00a0Minuten\" \/>\n<!-- \/ Yoast SEO plugin. -->","yoast_head_json":{"title":"-","robots":{"index":"index","follow":"follow","max-snippet":"max-snippet:-1","max-image-preview":"max-image-preview:large","max-video-preview":"max-video-preview:-1"},"canonical":"https:\/\/casevaldesi.it\/de\/unsere-werte\/","og_locale":"de_DE","og_type":"article","og_title":"-","og_url":"https:\/\/casevaldesi.it\/de\/unsere-werte\/","og_site_name":"Waldenserh\u00e4user","article_modified_time":"2026-01-28T08:16:13+00:00","og_image":[{"width":2200,"height":1201,"url":"https:\/\/casevaldesi.it\/wp-content\/uploads\/2025\/05\/4.jpg","type":"image\/jpeg"}],"twitter_card":"summary_large_image","twitter_misc":{"Gesch\u00e4tzte Lesezeit":"2\u00a0Minuten"},"schema":{"@context":"https:\/\/schema.org","@graph":[{"@type":"WebPage","@id":"https:\/\/casevaldesi.it\/de\/unsere-werte\/","url":"https:\/\/casevaldesi.it\/de\/unsere-werte\/","name":"-","isPartOf":{"@id":"https:\/\/casevaldesi.it\/#website"},"primaryImageOfPage":{"@id":"https:\/\/casevaldesi.it\/de\/unsere-werte\/#primaryimage"},"image":{"@id":"https:\/\/casevaldesi.it\/de\/unsere-werte\/#primaryimage"},"thumbnailUrl":"https:\/\/casevaldesi.it\/wp-content\/uploads\/2025\/05\/4.jpg","datePublished":"2025-03-06T12:57:27+00:00","dateModified":"2026-01-28T08:16:13+00:00","breadcrumb":{"@id":"https:\/\/casevaldesi.it\/de\/unsere-werte\/#breadcrumb"},"inLanguage":"de","potentialAction":[{"@type":"ReadAction","target":["https:\/\/casevaldesi.it\/de\/unsere-werte\/"]}]},{"@type":"ImageObject","inLanguage":"de","@id":"https:\/\/casevaldesi.it\/de\/unsere-werte\/#primaryimage","url":"https:\/\/casevaldesi.it\/wp-content\/uploads\/2025\/05\/4.jpg","contentUrl":"https:\/\/casevaldesi.it\/wp-content\/uploads\/2025\/05\/4.jpg","width":2200,"height":1201},{"@type":"BreadcrumbList","@id":"https:\/\/casevaldesi.it\/de\/unsere-werte\/#breadcrumb","itemListElement":[{"@type":"ListItem","position":1,"name":"Startseite","item":"https:\/\/casevaldesi.it\/de\/startseite\/"},{"@type":"ListItem","position":2,"name":"Unsere Werte"}]},{"@type":"WebSite","@id":"https:\/\/casevaldesi.it\/#website","url":"https:\/\/casevaldesi.it\/","name":"Waldenserh\u00e4user","description":"Hotels &amp; G\u00e4steh\u00e4user","publisher":{"@id":"https:\/\/casevaldesi.it\/#organization"},"potentialAction":[{"@type":"SearchAction","target":{"@type":"EntryPoint","urlTemplate":"https:\/\/casevaldesi.it\/?s={search_term_string}"},"query-input":{"@type":"PropertyValueSpecification","valueRequired":true,"valueName":"search_term_string"}}],"inLanguage":"de"},{"@type":"Organization","@id":"https:\/\/casevaldesi.it\/#organization","name":"Waldenserh\u00e4user","url":"https:\/\/casevaldesi.it\/","logo":{"@type":"ImageObject","inLanguage":"de","@id":"https:\/\/casevaldesi.it\/#\/schema\/logo\/image\/","url":"","contentUrl":"","caption":"Waldenserh\u00e4user"},"image":{"@id":"https:\/\/casevaldesi.it\/#\/schema\/logo\/image\/"}}]}},"_links":{"self":[{"href":"https:\/\/casevaldesi.it\/de\/wp-json\/wp\/v2\/pages\/343948","targetHints":{"allow":["GET"]}}],"collection":[{"href":"https:\/\/casevaldesi.it\/de\/wp-json\/wp\/v2\/pages"}],"about":[{"href":"https:\/\/casevaldesi.it\/de\/wp-json\/wp\/v2\/types\/page"}],"author":[{"embeddable":true,"href":"https:\/\/casevaldesi.it\/de\/wp-json\/wp\/v2\/users\/1"}],"replies":[{"embeddable":true,"href":"https:\/\/casevaldesi.it\/de\/wp-json\/wp\/v2\/comments?post=343948"}],"version-history":[{"count":2,"href":"https:\/\/casevaldesi.it\/de\/wp-json\/wp\/v2\/pages\/343948\/revisions"}],"predecessor-version":[{"id":345101,"href":"https:\/\/casevaldesi.it\/de\/wp-json\/wp\/v2\/pages\/343948\/revisions\/345101"}],"wp:featuredmedia":[{"embeddable":true,"href":"https:\/\/casevaldesi.it\/de\/wp-json\/wp\/v2\/media\/343949"}],"wp:attachment":[{"href":"https:\/\/casevaldesi.it\/de\/wp-json\/wp\/v2\/media?parent=343948"}],"curies":[{"name":"wp","href":"https:\/\/api.w.org\/{rel}","templated":true}]}}