{"id":343935,"date":"2025-05-12T09:44:54","date_gmt":"2025-05-12T07:44:54","guid":{"rendered":"https:\/\/casevaldesi.it\/ueber-uns\/"},"modified":"2025-08-08T15:05:02","modified_gmt":"2025-08-08T13:05:02","slug":"ueber-uns","status":"publish","type":"page","link":"https:\/\/casevaldesi.it\/de\/ueber-uns\/","title":{"rendered":"\u00dcber uns"},"content":{"rendered":"<section class=\"text-image text-image--text-is-left text-image--mt-default text-image--mb-default text-image--align-full text-image--no-background  __text-image text-image--image-mobile-bottom \">\n  <div class=\"text-image__inner text-image__inner--align-full text-image__inner--valign-default flex-columns\">\n    <div class=\"text-image__text text-image__text--is-left text-image__text--is-mobile-top flex-column flex-column--width-67\">\n              <div class=\"text-image__typography typography typography--text-is-left\">\n          \n\n<p>Die Waldenserheime sind Unterbringungseinrichtungen, die zur <strong>Waldenserdiakonie geh\u00f6ren, einer<\/strong> gemeinn\u00fctzigen kirchlichen Einrichtung, die die W\u00fcrde des Menschen in den Mittelpunkt ihrer Arbeit stellt und jedem, der die angebotenen Dienste in Anspruch nimmt, ohne Unterschied des Geschlechts, der Zugeh\u00f6rigkeit oder der Kultur mit absoluter Weltlichkeit Respekt und F\u00fcrsorge garantiert.<\/p>\n\n\n\n<p>Die Diaconia Valdese mit Sitz im Piemont, in den Waldensert\u00e4lern, koordiniert und verwaltet eine Reihe von Strukturen und Diensten der <strong>Waldenserkirche<\/strong> in Italien.<\/p>\n\n\n\n<p>Die <strong>Waldenserh\u00e4user<\/strong> sind gemeinn\u00fctzig <strong><em>nicht gewinnorientiert<\/em><\/strong> offen f\u00fcr alle und jeden, in denen man zu<strong> erschwinglichen Preisen<\/strong> <strong>eine gute Zeit <\/strong>verbringen kann<strong>.<\/strong><\/p>\n\n\n        <\/div>\n          <\/div>\n    <div class=\"text-image__image-container text-image__image-container--is-right text-image__image-container--is-mobile-bottom flex-column flex-column--width-33\">\n              <div class=\"text-image__image text-image__image--is-right text-image__image--is-natural text-image__image--style-is-default\">\n          <picture class=\"ratio__content\" alt=\"\" title=\"\" data-caption=\"\"> \n                    <source loading=\"lazy\" srcset=\"https:\/\/casevaldesi.it\/wp-content\/uploads\/2025\/05\/viaggiatori1-785x1024.png\" media=\"(min-width: 574px)\" \/>\n\n                  <source loading=\"lazy\" srcset=\"https:\/\/casevaldesi.it\/wp-content\/uploads\/2025\/05\/viaggiatori1-460x600.png\" \/>\n\n                    <img decoding=\"async\"  width=\"800\" height=\"1043\" loading=\"lazy\" alt=\"viaggiatori1\" title=\"viaggiatori1\" data-caption=\"\" src=\"https:\/\/casevaldesi.it\/wp-content\/uploads\/2025\/05\/viaggiatori1.png\" data-src=\"https:\/\/casevaldesi.it\/wp-content\/uploads\/2025\/05\/viaggiatori1.png\"\/>\n\n            \n<\/picture>\n        <\/div>\n                  <\/div>\n  <\/div>\n<\/section>\n<figure class=\"wp-block-image alignfull size-full\"><img loading=\"lazy\" decoding=\"async\" width=\"1500\" height=\"1000\" src=\"https:\/\/casevaldesi.it\/wp-content\/uploads\/2025\/05\/CCR_Reception.jpg\" alt=\"\" class=\"wp-image-340\" srcset=\"https:\/\/casevaldesi.it\/wp-content\/uploads\/2025\/05\/CCR_Reception.jpg 1500w, https:\/\/casevaldesi.it\/wp-content\/uploads\/2025\/05\/CCR_Reception-1024x683.jpg 1024w, https:\/\/casevaldesi.it\/wp-content\/uploads\/2025\/05\/CCR_Reception-600x400.jpg 600w, https:\/\/casevaldesi.it\/wp-content\/uploads\/2025\/05\/CCR_Reception-350x233.jpg 350w\" sizes=\"auto, (max-width: 1500px) 100vw, 1500px\" \/><\/figure>\n<section class=\"grid grid--has-iconboxes grid--mt-default grid--mb-default grid--align-wide grid--no-background  __grid \">\n  <div class=\"grid__inner grid__inner--align-wide\">\n        <ul class=\"grid__row grid__row--columns-3 grid__row--valign-top iconboxes iconboxes--columns-3\">\n              \n<article class=\"iconbox iconbox--3-cols iconbox--is-style-none\">\n  <div class=\"iconbox__inner\">\n    <div class=\"iconbox__icon\">\n                        <img decoding=\"async\" loading=\"lazy\" class=\"iconbox__image lazy\" src=\"https:\/\/casevaldesi.it\/wp-content\/uploads\/2025\/05\/case3-350x269.png\" title=\"6 Ferienh\u00e4user\" alt=\"6 Ferienh\u00e4user\" \/>\n                  <\/div>\n    <h3 class=\"iconbox__title\">\n      6 Ferienh\u00e4user\n    <\/h3>\n          <div class=\"iconbox__description\">\n        \n\n<p>Foresteria Valdese di Torre Pellice (TO)<br\/>Casa Valdese di Vallecrosia (IM)<br\/>Foresteria Valdese di Venezia (VE)<br\/>Foresteria Valdese di Firenze (FI)<br\/>Casa Cares &#8211; Reggello (FI)<br\/>Casa Valdese di Rio Marina &#8211; Isola d&#8217;Elba (LI)<\/p>\n\n\n      <\/div>\n          <\/div>\n<\/article>\n\n<article class=\"iconbox iconbox--3-cols iconbox--is-style-none\">\n  <div class=\"iconbox__inner\">\n    <div class=\"iconbox__icon\">\n                        <img decoding=\"async\" loading=\"lazy\" class=\"iconbox__image lazy\" src=\"https:\/\/casevaldesi.it\/wp-content\/uploads\/2025\/05\/hotel2-350x269.png\" title=\"2 Drei-Sterne-Hotels\" alt=\"2 Drei-Sterne-Hotels\" \/>\n                  <\/div>\n    <h3 class=\"iconbox__title\">\n      2 Drei-Sterne-Hotels\n    <\/h3>\n          <div class=\"iconbox__description\">\n        \n\n<p>Hotel Casa Balneare Valdese in Pietra Ligure (SV)<br\/>Hotel Casa Valdese in Rom (RM) (LI)<\/p>\n\n\n      <\/div>\n          <\/div>\n<\/article>\n\n<article class=\"iconbox iconbox--3-cols iconbox--is-style-none\">\n  <div class=\"iconbox__inner\">\n    <div class=\"iconbox__icon\">\n                        <img decoding=\"async\" loading=\"lazy\" class=\"iconbox__image lazy\" src=\"https:\/\/casevaldesi.it\/wp-content\/uploads\/2025\/05\/ostello-350x269.png\" title=\"1 Herberge\" alt=\"1 Herberge\" \/>\n                  <\/div>\n    <h3 class=\"iconbox__title\">\n      1 Herberge\n    <\/h3>\n          <div class=\"iconbox__description\">\n        \n\n<p>Herberge Villa Olanda &#8211; Luserna S. Giovanni (TO)<\/p>\n\n\n      <\/div>\n          <\/div>\n<\/article>\n\n          <\/ul>\n      <\/div>\n<\/section><section\n  class=\"section section--mt-default section--mb-default section--pt-default section--pb-default section--height-default section--align-right section--has-background has-dark-background-color wp-elements-44f803df4bb6d7d2ab67dd4fbdcc2b91\">\n\n      <div class=\"section__bg section__bg--position-default\">\n      <picture class=\"ratio__content\" alt=\"\" title=\"\" data-caption=\"\"> \n                <source loading=\"lazy\" srcset=\"https:\/\/casevaldesi.it\/wp-content\/uploads\/2025\/05\/FotoReportageOPM-62.jpg\" media=\"(min-width: 1400px)\" \/>\n\n              <source loading=\"lazy\" srcset=\"https:\/\/casevaldesi.it\/wp-content\/uploads\/2025\/05\/FotoReportageOPM-62-1400x875.jpg\" media=\"(min-width: 574px)\" \/>\n\n              <source loading=\"lazy\" srcset=\"https:\/\/casevaldesi.it\/wp-content\/uploads\/2025\/05\/FotoReportageOPM-62-574x765.jpg\" \/>\n\n                <img decoding=\"async\"  width=\"\" height=\"\" loading=\"lazy\" alt=\"FotoReportageOPM-62\" title=\"FotoReportageOPM-62\" data-caption=\"\" src=\"https:\/\/casevaldesi.it\/wp-content\/uploads\/2025\/05\/FotoReportageOPM-62.jpg\" data-src=\"https:\/\/casevaldesi.it\/wp-content\/uploads\/2025\/05\/FotoReportageOPM-62.jpg\"\/>\n\n        \n<\/picture>\n    <\/div>\n        <div class=\"section__overlay section__overlay--is-default\"><\/div>\n    <div class=\"section__inner section__inner--align-right\">\n          <div class=\"section__typography typography typography--right\">\n      \n\n<figure class=\"wp-block-image\"><img decoding=\"async\" src=\"https:\/\/casevaldesi.it\/wp-content\/uploads\/2021\/02\/logo.diaconia.bianco2.png\" alt=\"\" class=\"wp-image-330738\" title=\"logo.diakonia.wei&#xDF;2\"\/><\/figure>\n\n\n\n<hr class=\"wp-block-separator has-alpha-channel-opacity\"\/>\n\n\n\n<p>Mit ihren Gewinnen unterst\u00fctzen die Case Valdesi Bildungs- und Sozialprojekte der Diaconia Valdese. Durch Ihren Aufenthalt tragen Sie aktiv zur Verwirklichung der Aktivit\u00e4ten und Projekte der Diakonie Valdese zugunsten von \u00e4lteren Menschen, Minderj\u00e4hrigen, Migranten, Fl\u00fcchtlingen und Menschen mit Behinderungen bei. Laden Sie den Sozialbericht der Diakonie Valdese herunter.  <\/p>\n\n\n  <\/div>      <\/div>\n<\/section>\n<section class=\"grid grid--has-iconboxes grid--mt-default grid--mb-default grid--align-wide grid--no-background  __grid \">\n  <div class=\"grid__inner grid__inner--align-wide\">\n          <div class=\"grid__title-container grid__title-container--teaser-iconboxes\">\n        <h2 class=\"grid__title grid__title--teaser-iconboxes\">\n          Die Waldenserh\u00e4user verfolgen drei gemeinsame Ziele:\n        <\/h2>\n              <\/div>\n        <ul class=\"grid__row grid__row--columns-3 grid__row--valign-top iconboxes iconboxes--columns-3\">\n              \n<article class=\"iconbox iconbox--3-cols iconbox--is-style-none\">\n  <div class=\"iconbox__inner\">\n    <div class=\"iconbox__icon\">\n                        <img decoding=\"async\" loading=\"lazy\" class=\"iconbox__image lazy\" src=\"https:\/\/casevaldesi.it\/wp-content\/uploads\/2025\/05\/incontro2c-350x269.png\" title=\"Aufnehmen\" alt=\"Aufnehmen\" \/>\n                  <\/div>\n    <h3 class=\"iconbox__title\">\n      Aufnehmen\n    <\/h3>\n          <div class=\"iconbox__description\">\n        \n\n<p>Man bietet nicht nur einen Raum an, wie sch\u00f6n, sauber und vollst\u00e4ndig er auch sein mag, sondern man sucht und bietet eine Beziehung zu den G\u00e4sten an, man pflegt die Begegnung mit dem Anderen oder der Anderen.<\/p>\n\n\n      <\/div>\n          <\/div>\n<\/article>\n\n<article class=\"iconbox iconbox--3-cols iconbox--is-style-none\">\n  <div class=\"iconbox__inner\">\n    <div class=\"iconbox__icon\">\n                        <img decoding=\"async\" loading=\"lazy\" class=\"iconbox__image lazy\" src=\"https:\/\/casevaldesi.it\/wp-content\/uploads\/2025\/05\/incontro3b-350x269.png\" title=\"Angebot von Solidarit\u00e4tsurlauben\" alt=\"Angebot von Solidarit\u00e4tsurlauben\" \/>\n                  <\/div>\n    <h3 class=\"iconbox__title\">\n      Angebot von Solidarit\u00e4tsurlauben\n    <\/h3>\n          <div class=\"iconbox__description\">\n        \n\n<p>Mit dem Gewinn werden die Bildungs- und Sozialaktivit\u00e4ten der Diaconia Valdese unterst\u00fctzt.<\/p>\n\n\n      <\/div>\n          <\/div>\n<\/article>\n\n<article class=\"iconbox iconbox--3-cols iconbox--is-style-none\">\n  <div class=\"iconbox__inner\">\n    <div class=\"iconbox__icon\">\n                        <img decoding=\"async\" loading=\"lazy\" class=\"iconbox__image lazy\" src=\"https:\/\/casevaldesi.it\/wp-content\/uploads\/2025\/05\/incontro2b-350x269.png\" title=\"Umsetzung eines verantwortungsvollen Tourismus\" alt=\"Umsetzung eines verantwortungsvollen Tourismus\" \/>\n                  <\/div>\n    <h3 class=\"iconbox__title\">\n      Umsetzung eines verantwortungsvollen Tourismus\n    <\/h3>\n          <div class=\"iconbox__description\">\n        \n\n<p>Wir f\u00f6rdern einen verantwortungsvollen Tourismus, der sich auf die Pflege des Landes und der Umwelt konzentriert, indem wir den Kontakt mit der lokalen Gemeinschaft pflegen.<br\/>Die Waldenserh\u00e4user sind Mitglied der italienischen Vereinigung f\u00fcr verantwortungsvollen Tourismus (AITR)<\/p>\n\n\n      <\/div>\n          <\/div>\n<\/article>\n\n          <\/ul>\n      <\/div>\n<\/section>","protected":false},"excerpt":{"rendered":"","protected":false},"author":1,"featured_media":343937,"parent":0,"menu_order":0,"comment_status":"closed","ping_status":"closed","template":"","meta":{"_acf_changed":false,"footnotes":""},"class_list":["post-343935","page","type-page","status-publish","has-post-thumbnail","hentry"],"acf":[],"yoast_head":"<!-- This site is optimized with the Yoast SEO plugin v26.8 - https:\/\/yoast.com\/product\/yoast-seo-wordpress\/ -->\n<title>-<\/title>\n<meta name=\"robots\" content=\"index, follow, max-snippet:-1, max-image-preview:large, max-video-preview:-1\" \/>\n<link rel=\"canonical\" href=\"https:\/\/casevaldesi.it\/de\/ueber-uns\/\" \/>\n<meta property=\"og:locale\" content=\"de_DE\" \/>\n<meta property=\"og:type\" content=\"article\" \/>\n<meta property=\"og:title\" content=\"-\" \/>\n<meta property=\"og:url\" content=\"https:\/\/casevaldesi.it\/de\/ueber-uns\/\" \/>\n<meta property=\"og:site_name\" content=\"Waldenserh\u00e4user\" \/>\n<meta property=\"article:modified_time\" content=\"2025-08-08T13:05:02+00:00\" \/>\n<meta property=\"og:image\" content=\"https:\/\/casevaldesi.it\/wp-content\/uploads\/2025\/05\/ostello-villa-olanda-est01912.jpg\" \/>\n\t<meta property=\"og:image:width\" content=\"2200\" \/>\n\t<meta property=\"og:image:height\" content=\"1114\" \/>\n\t<meta property=\"og:image:type\" content=\"image\/jpeg\" \/>\n<meta name=\"twitter:card\" content=\"summary_large_image\" \/>\n<meta name=\"twitter:label1\" content=\"Gesch\u00e4tzte Lesezeit\" \/>\n\t<meta name=\"twitter:data1\" content=\"2\u00a0Minuten\" \/>\n<!-- \/ Yoast SEO plugin. -->","yoast_head_json":{"title":"-","robots":{"index":"index","follow":"follow","max-snippet":"max-snippet:-1","max-image-preview":"max-image-preview:large","max-video-preview":"max-video-preview:-1"},"canonical":"https:\/\/casevaldesi.it\/de\/ueber-uns\/","og_locale":"de_DE","og_type":"article","og_title":"-","og_url":"https:\/\/casevaldesi.it\/de\/ueber-uns\/","og_site_name":"Waldenserh\u00e4user","article_modified_time":"2025-08-08T13:05:02+00:00","og_image":[{"width":2200,"height":1114,"url":"https:\/\/casevaldesi.it\/wp-content\/uploads\/2025\/05\/ostello-villa-olanda-est01912.jpg","type":"image\/jpeg"}],"twitter_card":"summary_large_image","twitter_misc":{"Gesch\u00e4tzte Lesezeit":"2\u00a0Minuten"},"schema":{"@context":"https:\/\/schema.org","@graph":[{"@type":"WebPage","@id":"https:\/\/casevaldesi.it\/de\/ueber-uns\/","url":"https:\/\/casevaldesi.it\/de\/ueber-uns\/","name":"-","isPartOf":{"@id":"https:\/\/casevaldesi.it\/#website"},"primaryImageOfPage":{"@id":"https:\/\/casevaldesi.it\/de\/ueber-uns\/#primaryimage"},"image":{"@id":"https:\/\/casevaldesi.it\/de\/ueber-uns\/#primaryimage"},"thumbnailUrl":"https:\/\/casevaldesi.it\/wp-content\/uploads\/2025\/05\/ostello-villa-olanda-est01912.jpg","datePublished":"2025-05-12T07:44:54+00:00","dateModified":"2025-08-08T13:05:02+00:00","breadcrumb":{"@id":"https:\/\/casevaldesi.it\/de\/ueber-uns\/#breadcrumb"},"inLanguage":"de","potentialAction":[{"@type":"ReadAction","target":["https:\/\/casevaldesi.it\/de\/ueber-uns\/"]}]},{"@type":"ImageObject","inLanguage":"de","@id":"https:\/\/casevaldesi.it\/de\/ueber-uns\/#primaryimage","url":"https:\/\/casevaldesi.it\/wp-content\/uploads\/2025\/05\/ostello-villa-olanda-est01912.jpg","contentUrl":"https:\/\/casevaldesi.it\/wp-content\/uploads\/2025\/05\/ostello-villa-olanda-est01912.jpg","width":2200,"height":1114},{"@type":"BreadcrumbList","@id":"https:\/\/casevaldesi.it\/de\/ueber-uns\/#breadcrumb","itemListElement":[{"@type":"ListItem","position":1,"name":"Startseite","item":"https:\/\/casevaldesi.it\/de\/startseite\/"},{"@type":"ListItem","position":2,"name":"\u00dcber uns"}]},{"@type":"WebSite","@id":"https:\/\/casevaldesi.it\/#website","url":"https:\/\/casevaldesi.it\/","name":"Waldenserh\u00e4user","description":"Hotels &amp; G\u00e4steh\u00e4user","publisher":{"@id":"https:\/\/casevaldesi.it\/#organization"},"potentialAction":[{"@type":"SearchAction","target":{"@type":"EntryPoint","urlTemplate":"https:\/\/casevaldesi.it\/?s={search_term_string}"},"query-input":{"@type":"PropertyValueSpecification","valueRequired":true,"valueName":"search_term_string"}}],"inLanguage":"de"},{"@type":"Organization","@id":"https:\/\/casevaldesi.it\/#organization","name":"Waldenserh\u00e4user","url":"https:\/\/casevaldesi.it\/","logo":{"@type":"ImageObject","inLanguage":"de","@id":"https:\/\/casevaldesi.it\/#\/schema\/logo\/image\/","url":"","contentUrl":"","caption":"Waldenserh\u00e4user"},"image":{"@id":"https:\/\/casevaldesi.it\/#\/schema\/logo\/image\/"}}]}},"_links":{"self":[{"href":"https:\/\/casevaldesi.it\/de\/wp-json\/wp\/v2\/pages\/343935","targetHints":{"allow":["GET"]}}],"collection":[{"href":"https:\/\/casevaldesi.it\/de\/wp-json\/wp\/v2\/pages"}],"about":[{"href":"https:\/\/casevaldesi.it\/de\/wp-json\/wp\/v2\/types\/page"}],"author":[{"embeddable":true,"href":"https:\/\/casevaldesi.it\/de\/wp-json\/wp\/v2\/users\/1"}],"replies":[{"embeddable":true,"href":"https:\/\/casevaldesi.it\/de\/wp-json\/wp\/v2\/comments?post=343935"}],"version-history":[{"count":1,"href":"https:\/\/casevaldesi.it\/de\/wp-json\/wp\/v2\/pages\/343935\/revisions"}],"predecessor-version":[{"id":343955,"href":"https:\/\/casevaldesi.it\/de\/wp-json\/wp\/v2\/pages\/343935\/revisions\/343955"}],"wp:featuredmedia":[{"embeddable":true,"href":"https:\/\/casevaldesi.it\/de\/wp-json\/wp\/v2\/media\/343937"}],"wp:attachment":[{"href":"https:\/\/casevaldesi.it\/de\/wp-json\/wp\/v2\/media?parent=343935"}],"curies":[{"name":"wp","href":"https:\/\/api.w.org\/{rel}","templated":true}]}}