{"id":343931,"date":"2025-03-06T13:56:54","date_gmt":"2025-03-06T12:56:54","guid":{"rendered":"https:\/\/casevaldesi.it\/die-waldenserhaeuser\/"},"modified":"2025-08-08T15:04:59","modified_gmt":"2025-08-08T13:04:59","slug":"die-waldenserhaeuser","status":"publish","type":"page","link":"https:\/\/casevaldesi.it\/de\/die-waldenserhaeuser\/","title":{"rendered":"Die Waldenserh\u00e4user"},"content":{"rendered":"\n<h2 class=\"wp-block-heading\">Die Waldenserh\u00e4user, f\u00fcr Ihren solidarischen und nachhaltigen Urlaub&#8230; an bezaubernden Orten.<\/h2>\n\n<p>Unsere H\u00e4user befinden sich in Kunstst\u00e4dten und in verschiedenen Badeorten und Bergregionen in den sch\u00f6nsten Regionen Italiens. Sie stehen allen Interessierten f\u00fcr Gesch\u00e4ftsaufenthalte, Ferien, Seminare, Konferenzen, Workshops und Veranstaltungen zur Verf\u00fcgung. <\/p>\n\n<p>Wir erwarten Sie, um echte, herzliche Gastfreundschaft und sorgf\u00e4ltig zubereitete Mahlzeiten an Orten zu genie\u00dfen, die offen f\u00fcr Austausch und gegenseitiges Verst\u00e4ndnis sind.<\/p>\n","protected":false},"excerpt":{"rendered":"<p>Die Waldenserh\u00e4user, f\u00fcr Ihren solidarischen und nachhaltigen Urlaub&#8230; an bezaubernden Orten. Unsere H\u00e4user befinden sich in Kunstst\u00e4dten und in verschiedenen Badeorten und Bergregionen in den sch\u00f6nsten Regionen Italiens. Sie stehen allen Interessierten f\u00fcr Gesch\u00e4ftsaufenthalte, Ferien, Seminare, Konferenzen, Workshops und Veranstaltungen zur Verf\u00fcgung. Wir erwarten Sie, um echte, herzliche Gastfreundschaft und sorgf\u00e4ltig zubereitete Mahlzeiten an Orten [&hellip;]<\/p>\n","protected":false},"author":1,"featured_media":343933,"parent":0,"menu_order":0,"comment_status":"closed","ping_status":"closed","template":"","meta":{"_acf_changed":false,"footnotes":""},"class_list":["post-343931","page","type-page","status-publish","has-post-thumbnail","hentry"],"acf":[],"yoast_head":"<!-- This site is optimized with the Yoast SEO plugin v26.8 - https:\/\/yoast.com\/product\/yoast-seo-wordpress\/ -->\n<title>Waldenserh\u00e4user in Italien - Hotels und Pensionen der Solidarit\u00e4t<\/title>\n<meta name=\"description\" content=\"Entdecken Sie alle Waldenserh\u00e4user: eine gro\u00dfe Auswahl an solidarischen Hotels und Pensionen in Italien, von Kunstst\u00e4dten bis zum Meer und den Bergen\" \/>\n<meta name=\"robots\" content=\"index, follow, max-snippet:-1, max-image-preview:large, max-video-preview:-1\" \/>\n<link rel=\"canonical\" href=\"https:\/\/casevaldesi.it\/de\/die-waldenserhaeuser\/\" \/>\n<meta property=\"og:locale\" content=\"de_DE\" \/>\n<meta property=\"og:type\" content=\"article\" \/>\n<meta property=\"og:title\" content=\"Waldenserh\u00e4user in Italien - Hotels und Pensionen der Solidarit\u00e4t\" \/>\n<meta property=\"og:description\" content=\"Entdecken Sie alle Waldenserh\u00e4user: eine gro\u00dfe Auswahl an solidarischen Hotels und Pensionen in Italien, von Kunstst\u00e4dten bis zum Meer und den Bergen\" \/>\n<meta property=\"og:url\" content=\"https:\/\/casevaldesi.it\/de\/die-waldenserhaeuser\/\" \/>\n<meta property=\"og:site_name\" content=\"Waldenserh\u00e4user\" \/>\n<meta property=\"article:modified_time\" content=\"2025-08-08T13:04:59+00:00\" \/>\n<meta property=\"og:image\" content=\"https:\/\/casevaldesi.it\/wp-content\/uploads\/2025\/05\/1_Salone_DG_7482-HDR12.jpg\" \/>\n\t<meta property=\"og:image:width\" content=\"2200\" \/>\n\t<meta property=\"og:image:height\" content=\"800\" \/>\n\t<meta property=\"og:image:type\" content=\"image\/jpeg\" \/>\n<meta name=\"twitter:card\" content=\"summary_large_image\" \/>\n<!-- \/ Yoast SEO plugin. -->","yoast_head_json":{"title":"Waldenserh\u00e4user in Italien - Hotels und Pensionen der Solidarit\u00e4t","description":"Entdecken Sie alle Waldenserh\u00e4user: eine gro\u00dfe Auswahl an solidarischen Hotels und Pensionen in Italien, von Kunstst\u00e4dten bis zum Meer und den Bergen","robots":{"index":"index","follow":"follow","max-snippet":"max-snippet:-1","max-image-preview":"max-image-preview:large","max-video-preview":"max-video-preview:-1"},"canonical":"https:\/\/casevaldesi.it\/de\/die-waldenserhaeuser\/","og_locale":"de_DE","og_type":"article","og_title":"Waldenserh\u00e4user in Italien - Hotels und Pensionen der Solidarit\u00e4t","og_description":"Entdecken Sie alle Waldenserh\u00e4user: eine gro\u00dfe Auswahl an solidarischen Hotels und Pensionen in Italien, von Kunstst\u00e4dten bis zum Meer und den Bergen","og_url":"https:\/\/casevaldesi.it\/de\/die-waldenserhaeuser\/","og_site_name":"Waldenserh\u00e4user","article_modified_time":"2025-08-08T13:04:59+00:00","og_image":[{"width":2200,"height":800,"url":"https:\/\/casevaldesi.it\/wp-content\/uploads\/2025\/05\/1_Salone_DG_7482-HDR12.jpg","type":"image\/jpeg"}],"twitter_card":"summary_large_image","schema":{"@context":"https:\/\/schema.org","@graph":[{"@type":"WebPage","@id":"https:\/\/casevaldesi.it\/de\/die-waldenserhaeuser\/","url":"https:\/\/casevaldesi.it\/de\/die-waldenserhaeuser\/","name":"Waldenserh\u00e4user in Italien - Hotels und Pensionen der Solidarit\u00e4t","isPartOf":{"@id":"https:\/\/casevaldesi.it\/#website"},"primaryImageOfPage":{"@id":"https:\/\/casevaldesi.it\/de\/die-waldenserhaeuser\/#primaryimage"},"image":{"@id":"https:\/\/casevaldesi.it\/de\/die-waldenserhaeuser\/#primaryimage"},"thumbnailUrl":"https:\/\/casevaldesi.it\/wp-content\/uploads\/2025\/05\/1_Salone_DG_7482-HDR12.jpg","datePublished":"2025-03-06T12:56:54+00:00","dateModified":"2025-08-08T13:04:59+00:00","description":"Entdecken Sie alle Waldenserh\u00e4user: eine gro\u00dfe Auswahl an solidarischen Hotels und Pensionen in Italien, von Kunstst\u00e4dten bis zum Meer und den Bergen","breadcrumb":{"@id":"https:\/\/casevaldesi.it\/de\/die-waldenserhaeuser\/#breadcrumb"},"inLanguage":"de","potentialAction":[{"@type":"ReadAction","target":["https:\/\/casevaldesi.it\/de\/die-waldenserhaeuser\/"]}]},{"@type":"ImageObject","inLanguage":"de","@id":"https:\/\/casevaldesi.it\/de\/die-waldenserhaeuser\/#primaryimage","url":"https:\/\/casevaldesi.it\/wp-content\/uploads\/2025\/05\/1_Salone_DG_7482-HDR12.jpg","contentUrl":"https:\/\/casevaldesi.it\/wp-content\/uploads\/2025\/05\/1_Salone_DG_7482-HDR12.jpg","width":2200,"height":800},{"@type":"BreadcrumbList","@id":"https:\/\/casevaldesi.it\/de\/die-waldenserhaeuser\/#breadcrumb","itemListElement":[{"@type":"ListItem","position":1,"name":"Startseite","item":"https:\/\/casevaldesi.it\/de\/startseite\/"},{"@type":"ListItem","position":2,"name":"Die Waldenserh\u00e4user"}]},{"@type":"WebSite","@id":"https:\/\/casevaldesi.it\/#website","url":"https:\/\/casevaldesi.it\/","name":"Waldenserh\u00e4user","description":"Hotels &amp; G\u00e4steh\u00e4user","publisher":{"@id":"https:\/\/casevaldesi.it\/#organization"},"potentialAction":[{"@type":"SearchAction","target":{"@type":"EntryPoint","urlTemplate":"https:\/\/casevaldesi.it\/?s={search_term_string}"},"query-input":{"@type":"PropertyValueSpecification","valueRequired":true,"valueName":"search_term_string"}}],"inLanguage":"de"},{"@type":"Organization","@id":"https:\/\/casevaldesi.it\/#organization","name":"Waldenserh\u00e4user","url":"https:\/\/casevaldesi.it\/","logo":{"@type":"ImageObject","inLanguage":"de","@id":"https:\/\/casevaldesi.it\/#\/schema\/logo\/image\/","url":"","contentUrl":"","caption":"Waldenserh\u00e4user"},"image":{"@id":"https:\/\/casevaldesi.it\/#\/schema\/logo\/image\/"}}]}},"_links":{"self":[{"href":"https:\/\/casevaldesi.it\/de\/wp-json\/wp\/v2\/pages\/343931","targetHints":{"allow":["GET"]}}],"collection":[{"href":"https:\/\/casevaldesi.it\/de\/wp-json\/wp\/v2\/pages"}],"about":[{"href":"https:\/\/casevaldesi.it\/de\/wp-json\/wp\/v2\/types\/page"}],"author":[{"embeddable":true,"href":"https:\/\/casevaldesi.it\/de\/wp-json\/wp\/v2\/users\/1"}],"replies":[{"embeddable":true,"href":"https:\/\/casevaldesi.it\/de\/wp-json\/wp\/v2\/comments?post=343931"}],"version-history":[{"count":1,"href":"https:\/\/casevaldesi.it\/de\/wp-json\/wp\/v2\/pages\/343931\/revisions"}],"predecessor-version":[{"id":343934,"href":"https:\/\/casevaldesi.it\/de\/wp-json\/wp\/v2\/pages\/343931\/revisions\/343934"}],"wp:featuredmedia":[{"embeddable":true,"href":"https:\/\/casevaldesi.it\/de\/wp-json\/wp\/v2\/media\/343933"}],"wp:attachment":[{"href":"https:\/\/casevaldesi.it\/de\/wp-json\/wp\/v2\/media?parent=343931"}],"curies":[{"name":"wp","href":"https:\/\/api.w.org\/{rel}","templated":true}]}}