{"id":343902,"date":"2025-05-12T11:02:39","date_gmt":"2025-05-12T09:02:39","guid":{"rendered":"https:\/\/casevaldesi.it\/hygiene\/"},"modified":"2025-08-08T15:04:57","modified_gmt":"2025-08-08T13:04:57","slug":"hygiene","status":"publish","type":"page","link":"https:\/\/casevaldesi.it\/de\/ueber-uns\/hygiene\/","title":{"rendered":"Hygiene"},"content":{"rendered":"\n<p>Wir haben schon immer auf die Sicherheit und Sauberkeit der Umgebungen geachtet, in denen wir Sie empfangen. Nach der Pandemie sind wir noch gewissenhafter geworden, um Ihnen einen ruhigen Aufenthalt zu erm\u00f6glichen und gleichzeitig Ihre Gesundheit zu sch\u00fctzen. Die Art und Weise, wie wir unsere Unterkunfts- und Verpflegungsdienstleistungen anbieten, hat einige der \u00c4nderungen beibehalten, die von den Vorschriften zur Verhinderung der Ausbreitung des SARS-CoV-2-Virus und der verbesserten Hygiene im Allgemeinen vorgeschrieben wurden.  <\/p>\n\n<p>Wir halten es f\u00fcr angebracht zu betonen, dass die physische Distanz, die in manchen Situationen gut ist, um zwischen uns zu stehen, sich nicht in einer relationalen Distanz widerspiegeln sollte, die die Grundlage unserer Vorstellung von Willkommen und unserer Berufung ist.<\/p>\n\n<p>Dies sind die Ma\u00dfnahmen, die wir ergreifen, um Ihre Sicherheit, die Sicherheit unserer Mitarbeiter und die Sicherheit unserer externen Mitarbeiter zu gew\u00e4hrleisten:<\/p>\n<section class=\"grid grid--has-iconboxes grid--mt-default grid--mb-default grid--align-wide grid--no-background  __grid \">\n  <div class=\"grid__inner grid__inner--align-wide\">\n        <ul class=\"grid__row grid__row--columns-3 grid__row--valign-top iconboxes iconboxes--columns-3\">\n              \n<article class=\"iconbox iconbox--3-cols iconbox--is-style-boxed\">\n  <div class=\"iconbox__inner\">\n    <div class=\"iconbox__icon\">\n                        <img decoding=\"async\" loading=\"lazy\" class=\"iconbox__image lazy\" src=\"https:\/\/casevaldesi.it\/wp-content\/uploads\/2025\/05\/1-1-1.png\" title=\"\" alt=\"\" \/>\n                  <\/div>\n    <h3 class=\"iconbox__title\">\n      \n    <\/h3>\n          <div class=\"iconbox__description\">\n        \n\n<p>Schulung des Personals zur Einhaltung der Sicherheitsvorschriften<\/p>\n\n\n      <\/div>\n          <\/div>\n<\/article>\n\n<article class=\"iconbox iconbox--3-cols iconbox--is-style-boxed\">\n  <div class=\"iconbox__inner\">\n    <div class=\"iconbox__icon\">\n                        <img decoding=\"async\" loading=\"lazy\" class=\"iconbox__image lazy\" src=\"https:\/\/casevaldesi.it\/wp-content\/uploads\/2025\/05\/9-1.png\" title=\"\" alt=\"\" \/>\n                  <\/div>\n    <h3 class=\"iconbox__title\">\n      \n    <\/h3>\n          <div class=\"iconbox__description\">\n        \n\n<p>Das Vorhandensein von erkl\u00e4renden Schildern, die uns daran erinnern, wie wir uns anderen Menschen gegen\u00fcber zu verhalten haben<\/p>\n\n\n      <\/div>\n          <\/div>\n<\/article>\n\n<article class=\"iconbox iconbox--3-cols iconbox--is-style-boxed\">\n  <div class=\"iconbox__inner\">\n    <div class=\"iconbox__icon\">\n                        <img decoding=\"async\" loading=\"lazy\" class=\"iconbox__image lazy\" src=\"https:\/\/casevaldesi.it\/wp-content\/uploads\/2025\/05\/8.png\" title=\"\" alt=\"\" \/>\n                  <\/div>\n    <h3 class=\"iconbox__title\">\n      \n    <\/h3>\n          <div class=\"iconbox__description\">\n        \n\n<p>Verwendung von OP-Masken\/ FFP2 durch das Personal gem\u00e4\u00df den geltenden Vorschriften<\/p>\n\n\n      <\/div>\n          <\/div>\n<\/article>\n\n<article class=\"iconbox iconbox--3-cols iconbox--is-style-boxed\">\n  <div class=\"iconbox__inner\">\n    <div class=\"iconbox__icon\">\n                        <img decoding=\"async\" loading=\"lazy\" class=\"iconbox__image lazy\" src=\"https:\/\/casevaldesi.it\/wp-content\/uploads\/2025\/05\/5-1.png\" title=\"\" alt=\"\" \/>\n                  <\/div>\n    <h3 class=\"iconbox__title\">\n      \n    <\/h3>\n          <div class=\"iconbox__description\">\n        \n\n<p>Fr\u00fchst\u00fccksservice am Tisch oder am Buffet mit besonderem Augenmerk auf die Hygiene<\/p>\n\n\n      <\/div>\n          <\/div>\n<\/article>\n\n<article class=\"iconbox iconbox--3-cols iconbox--is-style-boxed\">\n  <div class=\"iconbox__inner\">\n    <div class=\"iconbox__icon\">\n                        <img decoding=\"async\" loading=\"lazy\" class=\"iconbox__image lazy\" src=\"https:\/\/casevaldesi.it\/wp-content\/uploads\/2025\/05\/6-1.png\" title=\"\" alt=\"\" \/>\n                  <\/div>\n    <h3 class=\"iconbox__title\">\n      \n    <\/h3>\n          <div class=\"iconbox__description\">\n        \n\n<p>Regelm\u00e4\u00dfige Reinigung, Desinfektion und Bel\u00fcftung in den Zimmern und Gemeinschaftsbereichen<\/p>\n\n\n      <\/div>\n          <\/div>\n<\/article>\n\n<article class=\"iconbox iconbox--3-cols iconbox--is-style-boxed\">\n  <div class=\"iconbox__inner\">\n    <div class=\"iconbox__icon\">\n                        <img decoding=\"async\" loading=\"lazy\" class=\"iconbox__image lazy\" src=\"https:\/\/casevaldesi.it\/wp-content\/uploads\/2025\/05\/2-1.png\" title=\"\" alt=\"\" \/>\n                  <\/div>\n    <h3 class=\"iconbox__title\">\n      \n    <\/h3>\n          <div class=\"iconbox__description\">\n        \n\n<p>Bereitstellung von Handdesinfektionsgel an verschiedenen Stellen in den Einrichtungen<\/p>\n\n\n      <\/div>\n          <\/div>\n<\/article>\n\n          <\/ul>\n      <\/div>\n<\/section>","protected":false},"excerpt":{"rendered":"<p>Wir haben schon immer auf die Sicherheit und Sauberkeit der Umgebungen geachtet, in denen wir Sie empfangen. Nach der Pandemie sind wir noch gewissenhafter geworden, um Ihnen einen ruhigen Aufenthalt zu erm\u00f6glichen und gleichzeitig Ihre Gesundheit zu sch\u00fctzen. Die Art und Weise, wie wir unsere Unterkunfts- und Verpflegungsdienstleistungen anbieten, hat einige der \u00c4nderungen beibehalten, die [&hellip;]<\/p>\n","protected":false},"author":1,"featured_media":0,"parent":343935,"menu_order":0,"comment_status":"closed","ping_status":"closed","template":"","meta":{"_acf_changed":false,"footnotes":""},"class_list":["post-343902","page","type-page","status-publish","hentry"],"acf":[],"yoast_head":"<!-- This site is optimized with the Yoast SEO plugin v26.8 - https:\/\/yoast.com\/product\/yoast-seo-wordpress\/ -->\n<title>-<\/title>\n<meta name=\"robots\" content=\"index, follow, max-snippet:-1, max-image-preview:large, max-video-preview:-1\" \/>\n<link rel=\"canonical\" href=\"https:\/\/casevaldesi.it\/de\/ueber-uns\/hygiene\/\" \/>\n<meta property=\"og:locale\" content=\"de_DE\" \/>\n<meta property=\"og:type\" content=\"article\" \/>\n<meta property=\"og:title\" content=\"-\" \/>\n<meta property=\"og:description\" content=\"Wir haben schon immer auf die Sicherheit und Sauberkeit der Umgebungen geachtet, in denen wir Sie empfangen. Nach der Pandemie sind wir noch gewissenhafter geworden, um Ihnen einen ruhigen Aufenthalt zu erm\u00f6glichen und gleichzeitig Ihre Gesundheit zu sch\u00fctzen. Die Art und Weise, wie wir unsere Unterkunfts- und Verpflegungsdienstleistungen anbieten, hat einige der \u00c4nderungen beibehalten, die [&hellip;]\" \/>\n<meta property=\"og:url\" content=\"https:\/\/casevaldesi.it\/de\/ueber-uns\/hygiene\/\" \/>\n<meta property=\"og:site_name\" content=\"Waldenserh\u00e4user\" \/>\n<meta property=\"article:modified_time\" content=\"2025-08-08T13:04:57+00:00\" \/>\n<meta name=\"twitter:card\" content=\"summary_large_image\" \/>\n<meta name=\"twitter:label1\" content=\"Gesch\u00e4tzte Lesezeit\" \/>\n\t<meta name=\"twitter:data1\" content=\"1\u00a0Minute\" \/>\n<!-- \/ Yoast SEO plugin. -->","yoast_head_json":{"title":"-","robots":{"index":"index","follow":"follow","max-snippet":"max-snippet:-1","max-image-preview":"max-image-preview:large","max-video-preview":"max-video-preview:-1"},"canonical":"https:\/\/casevaldesi.it\/de\/ueber-uns\/hygiene\/","og_locale":"de_DE","og_type":"article","og_title":"-","og_description":"Wir haben schon immer auf die Sicherheit und Sauberkeit der Umgebungen geachtet, in denen wir Sie empfangen. Nach der Pandemie sind wir noch gewissenhafter geworden, um Ihnen einen ruhigen Aufenthalt zu erm\u00f6glichen und gleichzeitig Ihre Gesundheit zu sch\u00fctzen. Die Art und Weise, wie wir unsere Unterkunfts- und Verpflegungsdienstleistungen anbieten, hat einige der \u00c4nderungen beibehalten, die [&hellip;]","og_url":"https:\/\/casevaldesi.it\/de\/ueber-uns\/hygiene\/","og_site_name":"Waldenserh\u00e4user","article_modified_time":"2025-08-08T13:04:57+00:00","twitter_card":"summary_large_image","twitter_misc":{"Gesch\u00e4tzte Lesezeit":"1\u00a0Minute"},"schema":{"@context":"https:\/\/schema.org","@graph":[{"@type":"WebPage","@id":"https:\/\/casevaldesi.it\/de\/ueber-uns\/hygiene\/","url":"https:\/\/casevaldesi.it\/de\/ueber-uns\/hygiene\/","name":"-","isPartOf":{"@id":"https:\/\/casevaldesi.it\/#website"},"datePublished":"2025-05-12T09:02:39+00:00","dateModified":"2025-08-08T13:04:57+00:00","breadcrumb":{"@id":"https:\/\/casevaldesi.it\/de\/ueber-uns\/hygiene\/#breadcrumb"},"inLanguage":"de","potentialAction":[{"@type":"ReadAction","target":["https:\/\/casevaldesi.it\/de\/ueber-uns\/hygiene\/"]}]},{"@type":"BreadcrumbList","@id":"https:\/\/casevaldesi.it\/de\/ueber-uns\/hygiene\/#breadcrumb","itemListElement":[{"@type":"ListItem","position":1,"name":"Startseite","item":"https:\/\/casevaldesi.it\/de\/startseite\/"},{"@type":"ListItem","position":2,"name":"\u00dcber uns","item":"https:\/\/casevaldesi.it\/de\/ueber-uns\/"},{"@type":"ListItem","position":3,"name":"Hygiene"}]},{"@type":"WebSite","@id":"https:\/\/casevaldesi.it\/#website","url":"https:\/\/casevaldesi.it\/","name":"Waldenserh\u00e4user","description":"Hotels &amp; G\u00e4steh\u00e4user","publisher":{"@id":"https:\/\/casevaldesi.it\/#organization"},"potentialAction":[{"@type":"SearchAction","target":{"@type":"EntryPoint","urlTemplate":"https:\/\/casevaldesi.it\/?s={search_term_string}"},"query-input":{"@type":"PropertyValueSpecification","valueRequired":true,"valueName":"search_term_string"}}],"inLanguage":"de"},{"@type":"Organization","@id":"https:\/\/casevaldesi.it\/#organization","name":"Waldenserh\u00e4user","url":"https:\/\/casevaldesi.it\/","logo":{"@type":"ImageObject","inLanguage":"de","@id":"https:\/\/casevaldesi.it\/#\/schema\/logo\/image\/","url":"","contentUrl":"","caption":"Waldenserh\u00e4user"},"image":{"@id":"https:\/\/casevaldesi.it\/#\/schema\/logo\/image\/"}}]}},"_links":{"self":[{"href":"https:\/\/casevaldesi.it\/de\/wp-json\/wp\/v2\/pages\/343902","targetHints":{"allow":["GET"]}}],"collection":[{"href":"https:\/\/casevaldesi.it\/de\/wp-json\/wp\/v2\/pages"}],"about":[{"href":"https:\/\/casevaldesi.it\/de\/wp-json\/wp\/v2\/types\/page"}],"author":[{"embeddable":true,"href":"https:\/\/casevaldesi.it\/de\/wp-json\/wp\/v2\/users\/1"}],"replies":[{"embeddable":true,"href":"https:\/\/casevaldesi.it\/de\/wp-json\/wp\/v2\/comments?post=343902"}],"version-history":[{"count":1,"href":"https:\/\/casevaldesi.it\/de\/wp-json\/wp\/v2\/pages\/343902\/revisions"}],"predecessor-version":[{"id":343909,"href":"https:\/\/casevaldesi.it\/de\/wp-json\/wp\/v2\/pages\/343902\/revisions\/343909"}],"up":[{"embeddable":true,"href":"https:\/\/casevaldesi.it\/de\/wp-json\/wp\/v2\/pages\/343935"}],"wp:attachment":[{"href":"https:\/\/casevaldesi.it\/de\/wp-json\/wp\/v2\/media?parent=343902"}],"curies":[{"name":"wp","href":"https:\/\/api.w.org\/{rel}","templated":true}]}}